{"id":88,"date":"2025-02-26T14:43:35","date_gmt":"2025-02-26T13:43:35","guid":{"rendered":"https:\/\/xm-agentur.de\/wptest\/t01\/?page_id=88"},"modified":"2025-07-04T16:36:29","modified_gmt":"2025-07-04T14:36:29","slug":"leistungen","status":"publish","type":"page","link":"https:\/\/xm-agentur.de\/wptest\/t01\/leistungen\/","title":{"rendered":"Leistungen"},"content":{"rendered":"<p>[et_pb_section fb_built=&#8220;1&#8243; _builder_version=&#8220;4.27.4&#8243; _module_preset=&#8220;default&#8220; background_color=&#8220;RGBA(255,255,255,0)&#8220; background_image=&#8220;https:\/\/xm-agentur.de\/wptest\/t01\/wp-content\/uploads\/2025\/07\/Klemptner-mit-Zange-an-Rohr-XM2025-skyline.jpg&#8220; height=&#8220;50vh&#8220; hover_enabled=&#8220;0&#8243; global_colors_info=&#8220;{}&#8220; alt=&#8220;Klemptner mit Zange an Rohr&#8220; title_text=&#8220;Klemptner mit Zange an Rohr &#8211; XM2025 &#8211; skyline&#8220; sticky_enabled=&#8220;0&#8243;][et_pb_row _builder_version=&#8220;4.27.4&#8243; _module_preset=&#8220;default&#8220; global_colors_info=&#8220;{}&#8220;][et_pb_column type=&#8220;4_4&#8243; _builder_version=&#8220;4.27.4&#8243; _module_preset=&#8220;default&#8220; global_colors_info=&#8220;{}&#8220;][et_pb_text _builder_version=&#8220;4.27.4&#8243; _module_preset=&#8220;default&#8220; text_text_color=&#8220;#FFFFFF&#8220; header_font=&#8220;|700|||||||&#8220; header_text_color=&#8220;#FFFFFF&#8220; header_2_text_color=&#8220;#FFFFFF&#8220; header_3_font=&#8220;||||||||&#8220; header_3_text_color=&#8220;#FFFFFF&#8220; header_4_text_color=&#8220;#FFFFFF&#8220; header_5_text_color=&#8220;#FFFFFF&#8220; header_6_text_color=&#8220;#FFFFFF&#8220; module_alignment=&#8220;left&#8220; global_colors_info=&#8220;{}&#8220;][\/et_pb_text][\/et_pb_column][\/et_pb_row][\/et_pb_section][et_pb_section fb_built=&#8220;1&#8243; _builder_version=&#8220;4.27.4&#8243; _module_preset=&#8220;default&#8220; background_color=&#8220;RGBA(255,255,255,0)&#8220; custom_margin=&#8220;0px||||false|false&#8220; custom_padding=&#8220;0px||||false|false&#8220; global_colors_info=&#8220;{}&#8220;][et_pb_row disabled_on=&#8220;off|off|off&#8220; _builder_version=&#8220;4.27.4&#8243; _module_preset=&#8220;default&#8220; module_alignment=&#8220;center&#8220; custom_margin=&#8220;0px||0px||false|false&#8220; custom_padding=&#8220;0px||0px||false|false&#8220; custom_css_main_element=&#8220;z-index:100;&#8220; locked=&#8220;off&#8220; global_colors_info=&#8220;{}&#8220;][et_pb_column type=&#8220;4_4&#8243; _builder_version=&#8220;4.27.4&#8243; _module_preset=&#8220;default&#8220; global_colors_info=&#8220;{}&#8220;][et_pb_image src=&#8220;https:\/\/xm-agentur.de\/wptest\/t01\/wp-content\/uploads\/2025\/02\/Huemer-Webgrafik-Kreis-gruen.svg&#8220; title_text=&#8220;H\u00fcmer &#8211; Webgrafik &#8211; Kreis &#8211; gr\u00fcn&#8220; align=&#8220;right&#8220; _builder_version=&#8220;4.27.4&#8243; _module_preset=&#8220;default&#8220; module_alignment=&#8220;left&#8220; height=&#8220;80px&#8220; custom_margin=&#8220;-40px|-40px||0px|false|false&#8220; custom_margin_tablet=&#8220;-40px|-40px||0px|false|false&#8220; custom_margin_phone=&#8220;|0px|||false|false&#8220; custom_margin_last_edited=&#8220;on|phone&#8220; custom_padding=&#8220;0px|0px|0px||false|false&#8220; global_colors_info=&#8220;{}&#8220;][\/et_pb_image][\/et_pb_column][\/et_pb_row][et_pb_row column_structure=&#8220;1_3,1_3,1_3&#8243; use_custom_gutter=&#8220;on&#8220; gutter_width=&#8220;2&#8243; make_equal=&#8220;on&#8220; _builder_version=&#8220;4.27.4&#8243; _module_preset=&#8220;default&#8220; background_color=&#8220;RGBA(255,255,255,0)&#8220; max_width_tablet=&#8220;60%&#8220; max_width_phone=&#8220;80%&#8220; max_width_last_edited=&#8220;on|phone&#8220; global_colors_info=&#8220;{}&#8220;][et_pb_column type=&#8220;1_3&#8243; _builder_version=&#8220;4.27.4&#8243; _module_preset=&#8220;default&#8220; background_color=&#8220;#FFFFFF&#8220; custom_padding=&#8220;|||0px|false|false&#8220; custom_padding_tablet=&#8220;||10px|10px|false|false&#8220; custom_padding_phone=&#8220;||10px|10px|false|false&#8220; custom_padding_last_edited=&#8220;on|phone&#8220; border_radii=&#8220;on|10px|10px|10px|10px&#8220; box_shadow_style=&#8220;preset2&#8243; box_shadow_blur=&#8220;25px&#8220; box_shadow_spread=&#8220;-15px&#8220; global_colors_info=&#8220;{}&#8220;][et_pb_blurb title=&#8220;Heizung&#8220; image=&#8220;https:\/\/xm-agentur.de\/wptest\/t01\/wp-content\/uploads\/2025\/02\/Huemer-Webgrafik-Heizung-rot.svg&#8220; image_icon_width=&#8220;70%&#8220; _builder_version=&#8220;4.27.4&#8243; _module_preset=&#8220;default&#8220; header_level=&#8220;h2&#8243; header_font=&#8220;||||||||&#8220; background_color=&#8220;RGBA(255,255,255,0)&#8220; image_icon_custom_padding=&#8220;30px||30px||true|false&#8220; custom_padding=&#8220;20px|20px|20px|20px|true|true&#8220; link_option_url=&#8220;https:\/\/xm-agentur.de\/wptest\/t01\/heizung\/&#8220; border_radii=&#8220;on|10px|10px|10px|10px&#8220; border_color_all=&#8220;#FFFFFF&#8220; global_colors_info=&#8220;{}&#8220;]<\/p>\n<p>Erhalten Sie hier alle Informationen zu Heizungen und modernen Heizsystemen wie Hybridheizungen, Kamin\u00f6feneinbindungen und L\u00fcftungsanlagen.<br \/><a href=\"https:\/\/xm-agentur.de\/wptest\/t01\/heizung\/\">Mehr erfahren<\/a><\/p>\n<p>[\/et_pb_blurb][\/et_pb_column][et_pb_column type=&#8220;1_3&#8243; _builder_version=&#8220;4.27.4&#8243; _module_preset=&#8220;default&#8220; background_color=&#8220;#FFFFFF&#8220; custom_padding=&#8220;|||0px|false|false&#8220; custom_padding_tablet=&#8220;||10px|10px|false|false&#8220; custom_padding_phone=&#8220;||10px|10px|false|false&#8220; custom_padding_last_edited=&#8220;on|tablet&#8220; border_radii=&#8220;on|10px|10px|10px|10px&#8220; box_shadow_style=&#8220;preset2&#8243; box_shadow_blur=&#8220;25px&#8220; box_shadow_spread=&#8220;-15px&#8220; global_colors_info=&#8220;{}&#8220;][et_pb_blurb title=&#8220;Sanit\u00e4r&#8220; image=&#8220;https:\/\/xm-agentur.de\/wptest\/t01\/wp-content\/uploads\/2025\/02\/Huemer-Webgrafik-Wasserhahn-gruen.svg&#8220; image_icon_width=&#8220;70%&#8220; _builder_version=&#8220;4.27.4&#8243; _module_preset=&#8220;default&#8220; header_level=&#8220;h2&#8243; header_font=&#8220;||||||||&#8220; background_color=&#8220;RGBA(255,255,255,0)&#8220; image_icon_custom_padding=&#8220;30px||30px||true|false&#8220; custom_padding=&#8220;20px|20px|20px|20px|true|true&#8220; link_option_url=&#8220;https:\/\/xm-agentur.de\/wptest\/t01\/sanitaer\/&#8220; border_radii=&#8220;on|10px|10px|10px|10px&#8220; border_color_all=&#8220;#FFFFFF&#8220; global_colors_info=&#8220;{}&#8220;]<\/p>\n<p>Hier erhalten Sie alle Informationen rund um B\u00e4der und nachhaltige Sanit\u00e4rkonzepte, einschlie\u00dflich Trinkwasseraufbereitung.<br \/><a href=\"https:\/\/xm-agentur.de\/wptest\/t01\/sanitaer\/\">Mehr erfahren<\/a><\/p>\n<p>[\/et_pb_blurb][\/et_pb_column][et_pb_column type=&#8220;1_3&#8243; _builder_version=&#8220;4.27.4&#8243; _module_preset=&#8220;default&#8220; background_color=&#8220;#FFFFFF&#8220; custom_padding=&#8220;|||0px|false|false&#8220; custom_padding_tablet=&#8220;||10px|10px|false|false&#8220; custom_padding_phone=&#8220;||10px|10px|false|false&#8220; custom_padding_last_edited=&#8220;on|tablet&#8220; border_radii=&#8220;on|10px|10px|10px|10px&#8220; box_shadow_style=&#8220;preset2&#8243; box_shadow_blur=&#8220;25px&#8220; box_shadow_spread=&#8220;-15px&#8220; global_colors_info=&#8220;{}&#8220;][et_pb_blurb title=&#8220;Solar und Klima&#8220; image=&#8220;https:\/\/xm-agentur.de\/wptest\/t01\/wp-content\/uploads\/2025\/02\/Huemer-Webgrafik-Solar-blau.svg&#8220; image_icon_width=&#8220;70%&#8220; _builder_version=&#8220;4.27.4&#8243; _module_preset=&#8220;default&#8220; header_level=&#8220;h2&#8243; header_font=&#8220;||||||||&#8220; background_color=&#8220;RGBA(255,255,255,0)&#8220; image_icon_custom_padding=&#8220;30px||30px||true|false&#8220; custom_padding=&#8220;20px|20px|20px|20px|true|true&#8220; link_option_url=&#8220;https:\/\/xm-agentur.de\/wptest\/t01\/klima\/&#8220; border_radii=&#8220;on|10px|10px|10px|10px&#8220; border_color_all=&#8220;#FFFFFF&#8220; global_colors_info=&#8220;{}&#8220;]<\/p>\n<p>Finden Sie hier sinnvolle L\u00f6sungen f\u00fcr Solarw\u00e4rme und Solarstrom sowie Wartungen, Anlagenoptimierungen und Fehleranalysen.<br \/><a href=\"https:\/\/xm-agentur.de\/wptest\/t01\/klima\/\">Mehr erfahren<\/a><\/p>\n<p>[\/et_pb_blurb][\/et_pb_column][\/et_pb_row][\/et_pb_section][et_pb_section fb_built=&#8220;1&#8243; _builder_version=&#8220;4.27.4&#8243; _module_preset=&#8220;default&#8220; custom_margin=&#8220;||0px||false|false&#8220; custom_padding=&#8220;||0px||false|false&#8220; global_colors_info=&#8220;{}&#8220;][et_pb_row column_structure=&#8220;1_2,1_2&#8243; _builder_version=&#8220;4.27.4&#8243; _module_preset=&#8220;default&#8220; global_colors_info=&#8220;{}&#8220;][et_pb_column type=&#8220;1_2&#8243; _builder_version=&#8220;4.27.4&#8243; _module_preset=&#8220;default&#8220; global_colors_info=&#8220;{}&#8220;][et_pb_image src=&#8220;https:\/\/xm-agentur.de\/wptest\/t01\/wp-content\/uploads\/2025\/02\/Arme-an-Heizungsanlage-huemer2025-632498826-Daniel-Jedzura.jpg&#8220; title_text=&#8220;Arme an Heizungsanlage &#8211; huemer2025 &#8211; 632498826 Daniel Jedzura&#8220; _builder_version=&#8220;4.27.4&#8243; _module_preset=&#8220;default&#8220; max_width_tablet=&#8220;80%&#8220; max_width_phone=&#8220;80%&#8220; max_width_last_edited=&#8220;on|tablet&#8220; border_radii=&#8220;on|10px|10px|10px|10px&#8220; global_colors_info=&#8220;{}&#8220;][\/et_pb_image][\/et_pb_column][et_pb_column type=&#8220;1_2&#8243; _builder_version=&#8220;4.27.4&#8243; _module_preset=&#8220;default&#8220; global_colors_info=&#8220;{}&#8220;][et_pb_text _builder_version=&#8220;4.27.4&#8243; _module_preset=&#8220;default&#8220; global_colors_info=&#8220;{}&#8220;]<\/p>\n<h2>Service<\/h2>\n<p>Wir sind f\u00fcr Sie da, wenn es darauf ankommt.<br \/>Unsere Leistungen gehen \u00fcber die Sanierung oder den Neueinbau hinaus. Uns k\u00f6nnen Sie jederzeit anrufen, sollte eine Wartung, Reparatur oder Instandhaltung notwendig werden.<\/p>\n<p><a href=\"https:\/\/xm-agentur.de\/wptest\/t01\/service\/\">Mehr erfahren<\/a><\/p>\n<p>[\/et_pb_text][\/et_pb_column][\/et_pb_row][et_pb_row column_structure=&#8220;1_2,1_2&#8243; disabled_on=&#8220;off|off|on&#8220; _builder_version=&#8220;4.27.4&#8243; _module_preset=&#8220;default&#8220; global_colors_info=&#8220;{}&#8220;][et_pb_column type=&#8220;1_2&#8243; _builder_version=&#8220;4.27.4&#8243; _module_preset=&#8220;default&#8220; global_colors_info=&#8220;{}&#8220;][\/et_pb_column][et_pb_column type=&#8220;1_2&#8243; _builder_version=&#8220;4.27.4&#8243; _module_preset=&#8220;default&#8220; global_colors_info=&#8220;{}&#8220;][et_pb_image src=&#8220;https:\/\/xm-agentur.de\/wptest\/t01\/wp-content\/uploads\/2025\/02\/Zwei-Maenner-Gespraech-Keller-huemer2025-917201049-cambo27.jpg&#8220; title_text=&#8220;Zwei M\u00e4nner Gespr\u00e4ch Keller &#8211; huemer2025 &#8211; 917201049 cambo27&#8243; _builder_version=&#8220;4.27.4&#8243; _module_preset=&#8220;default&#8220; max_width_tablet=&#8220;80%&#8220; max_width_phone=&#8220;80%&#8220; max_width_last_edited=&#8220;on|tablet&#8220; border_radii=&#8220;on|10px|10px|10px|10px&#8220; global_colors_info=&#8220;{}&#8220;][\/et_pb_image][\/et_pb_column][\/et_pb_row][et_pb_row column_structure=&#8220;1_2,1_2&#8243; _builder_version=&#8220;4.27.4&#8243; _module_preset=&#8220;default&#8220; global_colors_info=&#8220;{}&#8220;][et_pb_column type=&#8220;1_2&#8243; _builder_version=&#8220;4.27.4&#8243; _module_preset=&#8220;default&#8220; global_colors_info=&#8220;{}&#8220;][et_pb_text _builder_version=&#8220;4.27.4&#8243; _module_preset=&#8220;default&#8220; global_colors_info=&#8220;{}&#8220;]<\/p>\n<h2>Beratung und Planung<\/h2>\n<p>Mit uns an Ihrer Seite k\u00f6nnen Sie sicher sein, dass wir die perfekte L\u00f6sung f\u00fcr Ihr Heizsystem, Ihre Sanit\u00e4ranlagen oder im Bereich Solar &amp; Klima f\u00fcr Sie und mit Ihnen finden.<\/p>\n<p><a href=\"https:\/\/xm-agentur.de\/wptest\/t01\/kontakt\/\">Mehr erfahren<\/a><\/p>\n<p>[\/et_pb_text][\/et_pb_column][et_pb_column type=&#8220;1_2&#8243; _builder_version=&#8220;4.27.4&#8243; _module_preset=&#8220;default&#8220; global_colors_info=&#8220;{}&#8220;][et_pb_image src=&#8220;https:\/\/xm-agentur.de\/wptest\/t01\/wp-content\/uploads\/2025\/02\/Zwei-Maenner-Gespraech-Keller-huemer2025-917201049-cambo27.jpg&#8220; title_text=&#8220;Zwei M\u00e4nner Gespr\u00e4ch Keller &#8211; huemer2025 &#8211; 917201049 cambo27&#8243; disabled_on=&#8220;on|on|off&#8220; _builder_version=&#8220;4.27.4&#8243; _module_preset=&#8220;default&#8220; hover_enabled=&#8220;0&#8243; border_radii=&#8220;on|10px|10px|10px|10px&#8220; global_colors_info=&#8220;{}&#8220; sticky_enabled=&#8220;0&#8243;][\/et_pb_image][\/et_pb_column][\/et_pb_row][et_pb_row _builder_version=&#8220;4.27.4&#8243; _module_preset=&#8220;default&#8220; module_alignment=&#8220;center&#8220; custom_margin=&#8220;0px||0px||false|false&#8220; custom_padding=&#8220;0px||0px||false|false&#8220; custom_css_main_element=&#8220;z-index:100;&#8220; locked=&#8220;off&#8220; global_colors_info=&#8220;{}&#8220;][et_pb_column type=&#8220;4_4&#8243; _builder_version=&#8220;4.27.4&#8243; _module_preset=&#8220;default&#8220; global_colors_info=&#8220;{}&#8220;][et_pb_image src=&#8220;https:\/\/xm-agentur.de\/wptest\/t01\/wp-content\/uploads\/2025\/02\/Huemer-Webgrafik-Kreis-rot.svg&#8220; title_text=&#8220;H\u00fcmer &#8211; Webgrafik &#8211; Kreis &#8211; rot&#8220; _builder_version=&#8220;4.27.4&#8243; _module_preset=&#8220;default&#8220; module_alignment=&#8220;left&#8220; height=&#8220;80px&#8220; custom_margin=&#8220;||-40px|-40px|false|false&#8220; custom_margin_tablet=&#8220;||-40px|-40px|false|false&#8220; custom_margin_phone=&#8220;|||0px|false|false&#8220; custom_margin_last_edited=&#8220;on|phone&#8220; custom_padding=&#8220;0px||0px||false|false&#8220; global_colors_info=&#8220;{}&#8220;][\/et_pb_image][\/et_pb_column][\/et_pb_row][\/et_pb_section][et_pb_section fb_built=&#8220;1&#8243; _builder_version=&#8220;4.27.4&#8243; _module_preset=&#8220;default&#8220; background_color=&#8220;RGBA(255,255,255,0)&#8220; custom_margin=&#8220;0px||40px||false|false&#8220; custom_padding=&#8220;0px||40px||false|false&#8220; global_colors_info=&#8220;{}&#8220;][\/et_pb_section]<\/p>\n","protected":false},"excerpt":{"rendered":"<p>Erhalten Sie hier alle Informationen zu Heizungen und modernen Heizsystemen wie Hybridheizungen, Kamin\u00f6feneinbindungen und L\u00fcftungsanlagen.Mehr erfahrenHier erhalten Sie alle Informationen rund um B\u00e4der und nachhaltige Sanit\u00e4rkonzepte, einschlie\u00dflich Trinkwasseraufbereitung.Mehr erfahrenFinden Sie hier sinnvolle L\u00f6sungen f\u00fcr Solarw\u00e4rme und Solarstrom sowie Wartungen, Anlagenoptimierungen und Fehleranalysen.Mehr erfahrenService Wir sind f\u00fcr Sie da, wenn es darauf ankommt.Unsere Leistungen gehen \u00fcber [&hellip;]<\/p>\n","protected":false},"author":1,"featured_media":0,"parent":0,"menu_order":0,"comment_status":"closed","ping_status":"closed","template":"","meta":{"_et_pb_use_builder":"on","_et_pb_old_content":"","_et_gb_content_width":"","inline_featured_image":false,"footnotes":""},"class_list":["post-88","page","type-page","status-publish","hentry"],"_links":{"self":[{"href":"https:\/\/xm-agentur.de\/wptest\/t01\/wp-json\/wp\/v2\/pages\/88","targetHints":{"allow":["GET"]}}],"collection":[{"href":"https:\/\/xm-agentur.de\/wptest\/t01\/wp-json\/wp\/v2\/pages"}],"about":[{"href":"https:\/\/xm-agentur.de\/wptest\/t01\/wp-json\/wp\/v2\/types\/page"}],"author":[{"embeddable":true,"href":"https:\/\/xm-agentur.de\/wptest\/t01\/wp-json\/wp\/v2\/users\/1"}],"replies":[{"embeddable":true,"href":"https:\/\/xm-agentur.de\/wptest\/t01\/wp-json\/wp\/v2\/comments?post=88"}],"version-history":[{"count":44,"href":"https:\/\/xm-agentur.de\/wptest\/t01\/wp-json\/wp\/v2\/pages\/88\/revisions"}],"predecessor-version":[{"id":1705,"href":"https:\/\/xm-agentur.de\/wptest\/t01\/wp-json\/wp\/v2\/pages\/88\/revisions\/1705"}],"wp:attachment":[{"href":"https:\/\/xm-agentur.de\/wptest\/t01\/wp-json\/wp\/v2\/media?parent=88"}],"curies":[{"name":"wp","href":"https:\/\/api.w.org\/{rel}","templated":true}]}}